{"id":5,"date":"2022-02-14T18:23:48","date_gmt":"2022-02-14T18:23:48","guid":{"rendered":"https:\/\/box.gmtramas.com\/?page_id=5"},"modified":"2022-10-13T20:46:03","modified_gmt":"2022-10-13T20:46:03","slug":"home","status":"publish","type":"page","link":"https:\/\/box.gmtramas.com\/","title":{"rendered":"Home"},"content":{"rendered":"<p>[vc_row][vc_column]<style>.shortcode_getbowtied_slider .shortcode-slider-pagination .swiper-pagination-bullet.swiper-pagination-bullet-active:after{background-color: #000000;}<\/style>\n\n\t\t<div class=\"shortcode_getbowtied_slider swiper-container swiper-69faab256f2c5 full_height\" style=\" width: 100%\" data-autoplay=\"10\" data-id=\"69faab256f2c5\">\n\t\t\t<div class=\"swiper-wrapper\">\n\t\t\t\n\t\t\t<div class=\"swiper-slide left-align\"\n\t\t\tstyle=\t\"background: #CCCCCC url(https:\/\/box.gmtramas.com\/wp-content\/uploads\/2022\/10\/Picture1.png) center center no-repeat ;\n\t\t\t\t\t-webkit-background-size: cover;\n\t\t\t\t\t-moz-background-size: cover;\n\t\t\t\t\t-o-background-size: cover;\n\t\t\t\t\tbackground-size: cover;\n\t\t\t\t\tcolor: #ffffff\">\n\t\t\t\t\n\t\t\t\t<div class=\"slider-content\" data-swiper-parallax=\"-50%\">\n\t\t\t\t\t<div class=\"slider-content-wrapper\">\n\t\t\t\t\t\t<h2 class=\"primary_font\" style=\"color:#ffffff;font-size:64px;line-height: 64px\">Made in Per\u00fa<\/h2>\n\t\t\t\t\t\t<p class=\"primary_font\" style=\"color:#ffffff;font-size:21px;line-height: 21px\">Todos nuestros productos son de origen 100% peruano. Impulsando as\u00ed el desarrollo profesional de m\u00e1s de 50 peruanos y el mercado textil.<\/p>\n\t\t\t\t\t\t\n\t\t\t\t\t<\/div>\n\t\t\t\t<\/div>\n\t\t\t<\/div>\n\t\t\t<div class=\"swiper-slide left-align\"\n\t\t\tstyle=\t\"background: #CCCCCC url(https:\/\/box.gmtramas.com\/wp-content\/uploads\/2022\/10\/3F5214EA-19F1-4BFA-8057-C7261033A409-scaled.jpeg) center center no-repeat ;\n\t\t\t\t\t-webkit-background-size: cover;\n\t\t\t\t\t-moz-background-size: cover;\n\t\t\t\t\t-o-background-size: cover;\n\t\t\t\t\tbackground-size: cover;\n\t\t\t\t\tcolor: #000000\">\n\t\t\t\t\n\t\t\t\t<div class=\"slider-content\" data-swiper-parallax=\"-50%\">\n\t\t\t\t\t<div class=\"slider-content-wrapper\">\n\t\t\t\t\t\t\n\t\t\t\t\t\t\n\t\t\t\t\t\t\n\t\t\t\t\t<\/div>\n\t\t\t\t<\/div>\n\t\t\t<\/div>\n\t\t\t<div class=\"swiper-slide center-align\"\n\t\t\tstyle=\t\"background: #CCCCCC url(https:\/\/box.gmtramas.com\/wp-content\/uploads\/2022\/10\/9D094D02-ABC9-435D-B207-E1AA679AA367-scaled.jpeg) center center no-repeat ;\n\t\t\t\t\t-webkit-background-size: cover;\n\t\t\t\t\t-moz-background-size: cover;\n\t\t\t\t\t-o-background-size: cover;\n\t\t\t\t\tbackground-size: cover;\n\t\t\t\t\tcolor: #000000\">\n\t\t\t\t\n\t\t\t\t<div class=\"slider-content\" data-swiper-parallax=\"-50%\">\n\t\t\t\t\t<div class=\"slider-content-wrapper\">\n\t\t\t\t\t\t\n\t\t\t\t\t\t\n\t\t\t\t\t\t\n\t\t\t\t\t<\/div>\n\t\t\t\t<\/div>\n\t\t\t<\/div>\n\t\t\t<\/div>\n\t\t\t\t<div style=\"color: #000000\" class=\"swiper-button-prev\"><i class=\"spk-icon spk-icon-left-arrow-thin-large\"><\/i><\/div>\n    \t\t\t<div style=\"color: #000000\" class=\"swiper-button-next\"><i class=\"spk-icon spk-icon-right-arrow-thin-large\"><\/i><\/div>\n\t\t\t\t<div style=\"color: #000000\" class=\"shortcode-slider-pagination\"><\/div><\/div>[\/vc_column][\/vc_row][vc_row][vc_column][\/vc_column][\/vc_row][vc_row][vc_column width=&#8221;1\/2&#8243;][vc_video link=&#8221;https:\/\/www.youtube.com\/watch?v=3qMS14xH55s&#038;feature=emb_imp_woyt&#8221;][\/vc_column][vc_column width=&#8221;1\/2&#8243;][vc_empty_space][vc_empty_space][vc_empty_space][vc_empty_space][vc_column_text]<\/p>\n<h2>Nuestro prop\u00f3sito<\/h2>\n<p>Desde 1999 tejemos puntada tras puntada nuestra historia, manteniendo como base la calidad y dedicaci\u00f3n con la que confeccionamos cada una de nuestras prendas.<\/p>\n<p>En GM Tramas tenemos el principal prop\u00f3sito de abrir nuevos horizontes para brindarle as\u00ed a nuestros clientes las m\u00e1s delicadas confecciones con eficiencia e innovaci\u00f3n, de la mano de un personal especializado y en capacitaci\u00f3n constante en desarrollo, maquinaria y acabados en una industria tan vers\u00e1til como la textil.[\/vc_column_text][\/vc_column][\/vc_row][vc_row][vc_column width=&#8221;1\/3&#8243;][vc_hoverbox image=&#8221;98&#8243; primary_title=&#8221;&#8221; hover_title=&#8221;Design, creativity &#038; textile innovation&#8221; hover_btn_title=&#8221;MORE&#8221; hover_add_button=&#8221;true&#8221;][\/vc_hoverbox][vc_empty_space][vc_hoverbox image=&#8221;100&#8243; primary_title=&#8221;&#8221; hover_title=&#8221;Quality assurance&#8221; hover_btn_title=&#8221;MORE&#8221; hover_add_button=&#8221;true&#8221;][\/vc_hoverbox][\/vc_column][vc_column width=&#8221;1\/3&#8243;][vc_hoverbox image=&#8221;101&#8243; primary_title=&#8221;&#8221; hover_title=&#8221;Personalized customer service&#8221; hover_btn_title=&#8221;MORE&#8221; hover_add_button=&#8221;true&#8221;][\/vc_hoverbox][vc_empty_space][vc_hoverbox image=&#8221;103&#8243; primary_title=&#8221;&#8221; hover_title=&#8221;From field to product&#8221; hover_btn_title=&#8221;MORE&#8221; hover_add_button=&#8221;true&#8221;][\/vc_hoverbox][vc_empty_space][\/vc_column][vc_column width=&#8221;1\/3&#8243;][vc_hoverbox image=&#8221;99&#8243; primary_title=&#8221;&#8221; hover_title=&#8221;Product development&#8221; hover_btn_title=&#8221;MORE&#8221; hover_add_button=&#8221;true&#8221;][\/vc_hoverbox][vc_empty_space][vc_hoverbox image=&#8221;25&#8243; primary_title=&#8221;&#8221; hover_title=&#8221;Nueva categor\u00eda&#8221; hover_btn_title=&#8221;MORE&#8221; hover_add_button=&#8221;true&#8221;][\/vc_hoverbox][\/vc_column][\/vc_row]<\/p>\n","protected":false},"excerpt":{"rendered":"<p>[vc_row][vc_column][\/vc_column][\/vc_row][vc_row][vc_column][\/vc_column][\/vc_row][vc_row][vc_column width=&#8221;1\/2&#8243;][vc_video link=&#8221;https:\/\/www.youtube.com\/watch?v=3qMS14xH55s&#038;feature=emb_imp_woyt&#8221;][\/vc_column][vc_column width=&#8221;1\/2&#8243;][vc_empty_space][vc_empty_space][vc_empty_space][vc_empty_space][vc_column_text] Nuestro prop\u00f3sito Desde 1999 tejemos puntada tras puntada nuestra historia, manteniendo como base la calidad y dedicaci\u00f3n con la que confeccionamos cada una de nuestras prendas. En GM Tramas tenemos el principal prop\u00f3sito de abrir nuevos horizontes para brindarle as\u00ed a nuestros clientes las m\u00e1s delicadas confecciones con eficiencia e innovaci\u00f3n, [&hellip;]<\/p>\n","protected":false},"author":1,"featured_media":0,"parent":0,"menu_order":0,"comment_status":"closed","ping_status":"closed","template":"","meta":{"footnotes":""},"class_list":["post-5","page","type-page","status-publish","hentry"],"_links":{"self":[{"href":"https:\/\/box.gmtramas.com\/index.php\/wp-json\/wp\/v2\/pages\/5","targetHints":{"allow":["GET"]}}],"collection":[{"href":"https:\/\/box.gmtramas.com\/index.php\/wp-json\/wp\/v2\/pages"}],"about":[{"href":"https:\/\/box.gmtramas.com\/index.php\/wp-json\/wp\/v2\/types\/page"}],"author":[{"embeddable":true,"href":"https:\/\/box.gmtramas.com\/index.php\/wp-json\/wp\/v2\/users\/1"}],"replies":[{"embeddable":true,"href":"https:\/\/box.gmtramas.com\/index.php\/wp-json\/wp\/v2\/comments?post=5"}],"version-history":[{"count":16,"href":"https:\/\/box.gmtramas.com\/index.php\/wp-json\/wp\/v2\/pages\/5\/revisions"}],"predecessor-version":[{"id":116,"href":"https:\/\/box.gmtramas.com\/index.php\/wp-json\/wp\/v2\/pages\/5\/revisions\/116"}],"wp:attachment":[{"href":"https:\/\/box.gmtramas.com\/index.php\/wp-json\/wp\/v2\/media?parent=5"}],"curies":[{"name":"wp","href":"https:\/\/api.w.org\/{rel}","templated":true}]}}